{"id":3139,"date":"2013-12-11T13:25:36","date_gmt":"2013-12-11T18:25:36","guid":{"rendered":"http:\/\/crafting-a-life.com\/mamaoknits\/?page_id=3139"},"modified":"2013-12-11T21:03:26","modified_gmt":"2013-12-12T02:03:26","slug":"teaching","status":"publish","type":"page","link":"https:\/\/crafting-a-life.com\/mamaoknits\/teaching\/","title":{"rendered":"Teaching"},"content":{"rendered":"<p>I<a href=\"http:\/\/crafting-a-life.com\/shop\/?page_id=178\">\u00a0teach knitting classes<\/a>\u2014the most popular is a\u00a0<a href=\"http:\/\/crafting-a-life.com\/shop\/?page_id=178#pattern\">specialized sock-heel class<\/a>\u2014and I show up for\u00a0<a href=\"http:\/\/crafting-a-life.com\/shop\/?page_id=178#speaking\">book readings and signings<\/a>.<\/p>\n<p>You can book a class or event on my\u00a0<a href=\"http:\/\/crafting-a-life.com\/shop\/?page_id=178#speaking\">Shoppe page<\/a>.<\/p>\n<p style=\"text-align: center;\"><a href=\"#pattern\">Pattern Workshops<\/a> \u2022 <a href=\"#technique\">Technique Classes<\/a> \u2022 <a href=\"#technique\">Knit Companion<\/a> \u2022 <a href=\"#speaking\">Speaking and Signings<\/a> \u2022 <a href=\"#bio\">Bio<\/a><br \/>\n<a name=\"pattern\"><\/a><\/p>\n<h2>Pattern Workshops\u2014<\/h2>\n<table>\n<tbody valign=\"top\">\n<tr>\n<td rowspan=\"2\" width=\"25%\"><a href=\"http:\/\/socksummit.com\"><img decoding=\"async\" style=\"margin-right: 2em;\" alt=\"\" src=\"http:\/\/crafting-a-life.com\/images\/socksummit.jpg\" width=\"125\" align=\"left\" \/><\/a><\/td>\n<td valign=\"top\">\n<h3>Sock Heels a-Go-Go<\/h3>\n<\/td>\n<\/tr>\n<tr>\n<td><span style=\"font-family: 'Optima';\"><span style=\"font-family: 'Optima';\"><span style=\"font-family: 'Optima';\">First taught at <strong>Sock Summit &#8217;09<\/strong>.<br \/>\nThis course teaches at least six heels and leaves participants armed with a set of worksheets that will allow them to substitute virutally any heel into any sock they ever knit from that point forward\u2014guaranteeing a perfect fit. This class can be tailored as needed\u2014fewer heels, shorter class, toe-up only, top-down only, or all six heels in six hours.<\/span><\/span><\/span><span style=\"font-family: 'Optima';\"><strong>Course Length:<\/strong> 6 hours (can be taught in shorter segments)<br \/>\n<\/span><br \/>\n<span style=\"font-family: 'Optima';\"><strong>Materials Needed:<\/strong> There is <a href=\"http:\/\/crafting-a-life.com\/homework.php\">homework<\/a> that needs to be done before the class\u2014little cuffs and some cuff-heel-flaps to prepare for the different turns and gussets. Details will be provided.<br \/>\n<\/span><\/p>\n<p><\/p>\n<\/td>\n<\/tr>\n<tr>\n<td rowspan=\"2\" width=\"25%\"><a href=\"http:\/\/www.indiebound.org\/book\/9780760339695?aff=HOrdover\"><br \/>\n<img decoding=\"async\" style=\"margin-right: 2em;\" alt=\"\" src=\"http:\/\/images.booksense.com\/images\/books\/695\/339\/FC9780760339695.JPG\" width=\"125\" align=\"left\" \/><\/a><\/td>\n<td>\n<h3>Pa\u00e4v\u00e4t\u00e4r sock plaited cast-on<\/h3>\n<\/td>\n<\/tr>\n<tr>\n<td><span style=\"font-family: 'Optima';\"><span style=\"font-family: 'Optima';\"><span style=\"font-family: 'Optima';\">The Finnish socks Ordover designed on the cover of <a href=\"http:\/\/www.amazon.com\/dp\/0760339694\/?tag=crapofocrwhlo-20\"><em>Knitting Socks from Around the World<\/em><\/a> use a special plaited cast-on. This class is only 1-1\/2 hours but can be extended to three hours by adding another cast-on from the book (the Channel Island Cast-on from the Gansey Socks or a provisional cast on like the Ides of March). Students will practice the cast-on while constructing a wristie and leave class with the pattern for the Bohus-inspired wrist warmer.<br \/>\n<span style=\"font-family: 'Optima';\"><strong>Course Length:<\/strong> 1.5 hours (can be expanded to 3 hours)<\/span><\/span><\/span><\/span><span style=\"font-family: 'Optima';\"><strong>Materials Needed:<\/strong> DPNs or two circs or long circ for magic loop, three colors of yarn to match the needles. Sample wristie knit using US6-7 and three colors of light-worsted yarn.<br \/>\n<\/span><\/p>\n<p><\/p>\n<\/td>\n<\/tr>\n<tr>\n<td rowspan=\"2\" width=\"25%\"><a href=\"http:\/\/www.amazon.com\/dp\/0760340641\/?tag=crapofocrwhlo-20\"><br \/>\n<img decoding=\"async\" style=\"margin-right: 2em;\" alt=\"\" src=\"http:\/\/crafting-a-life.com\/images\/knittingscarves.png\" width=\"125\" align=\"left\" \/><br \/>\n<\/a><\/td>\n<td>\n<h3>Double Knitting<\/h3>\n<\/td>\n<\/tr>\n<tr>\n<td><span style=\"font-family: 'Optima';\"><span style=\"font-family: 'Optima';\">The Finnish scarf Ordover designed for <a href=\"http:\/\/www.amazon.com\/dp\/0760340641\/?tag=crapofocrwhlo-20\"><em>Knitting Scarves from Around the World<\/em><\/a> is double knit. Depending on your needs, the double knitting class can run from 1-1\/2 to 3 hours. Students will leave class with a soap bag scrubbie or a bookmark (or both!).<\/span><\/span><\/p>\n<p><span style=\"font-family: 'Optima';\"><strong>Course Length:<\/strong> 1.5 hours (can be expanded to 3 hours)<\/span><\/p>\n<p><span style=\"font-family: 'Optima';\"><strong>Materials Needed:<\/strong> straight needles or circs for knitting flat; DK or light worsted for bookmark; hemp or linen, for soap bag scrubbie.<br \/>\n<\/span><\/p>\n<p><\/p>\n<\/td>\n<\/tr>\n<tr>\n<td rowspan=\"2\" width=\"25%\"><a href=\"http:\/\/www.wwmdfk.com\"><br \/>\n<img decoding=\"async\" style=\"margin-right: 2em;\" title=\"wwmdfk?\" alt=\"\" src=\"http:\/\/crafting-a-life.com\/shop\/wp-content\/uploads\/2011\/07\/Defarge_stack_cover.png\" width=\"125\" align=\"left\" \/><br \/>\n<\/a><\/td>\n<td>\n<h3>Shawl Construction<\/h3>\n<\/td>\n<\/tr>\n<tr>\n<td><span style=\"font-family: 'Optima';\"><span style=\"font-family: 'Optima';\"><span style=\"font-family: 'Optima';\">A three-hour class dedicated to learning the<br \/>\nconstruction of the Defarge Stole from <a href=\"http:\/\/wwmdfk.com\"><em>What Would Madame Defarge Knit?<\/em><\/a> This class will leave participants with a lacy bookmark and a new way to construct directionally-dependent,<br \/>\nrectangular shawls without grafting.<\/span><\/span><\/span><span style=\"font-family: 'Optima';\"><strong>Course Length:<\/strong> 3 hours <\/span><span style=\"font-family: 'Optima';\"><strong>Materials Needed:<\/strong> 24-40 in circ for knitting flat; lace, fingering or DK needed for bookmark.<br \/>\n<\/span><\/p>\n<p><\/p>\n<\/td>\n<\/tr>\n<\/tbody>\n<\/table>\n<p><script type=\"text\/javascript\" src=\"https:\/\/book.click4time.com\/js\/cp_window.js\"><\/script><a title=\"Book Online\" onclick=\"open_new_window('https:\/\/book.click4time.com\/craftingalifeinc\/book\/step1')\" href=\"#\"> <img decoding=\"async\" alt=\"Book Online\" src=\"http:\/\/book.click4time.com\/images\/buttons\/wood_medium_shadow_clock.png\" border=\"0\" \/> <\/a> <\/p>\n<div style=\"clear: both;\"><\/div>\n<p>\u00a0 <a href=\"#top\">^return to top<\/a> <a name=\"technique\"><\/a> <\/p>\n<h2>Technique Classes\u2014<\/h2>\n<table>\n<tbody valign=\"top\">\n<tr>\n<td rowspan=\"2\" width=\"25%\">\n\t\t\t\t\t\t<img decoding=\"async\" style=\"margin-right: 2em;\" alt=\"\" src=\"http:\/\/crafting-a-life.com\/images\/Notions_2_color.jpg\" width=\"125\" align=\"left\" \/>\n\t\t\t\t\t<\/td>\n<td valign=\"top\">\n<h3>Various<\/h3>\n<\/td>\n<\/tr>\n<tr>\n<td><span style=\"font-family: 'Optima';\"><span style=\"font-family: 'Optima';\"><span style=\"font-family: 'Optima';\"><br \/>\n\t\t\t\t\t\t\t\t\t<b>Ergonomic knitting:<\/b> 1-1\/2 hours<br \/>\n\t\t\t\t\t\t\t\t\t<strong><br \/>\n\t\t\t\t\t\t\t\t\t\tFixing mistakes in knitting<\/strong>:\u00a01-1\/2\u20133 hours (3 hours if there is a practicum where students bring their\u00a0<em id=\"__mceDel\">&#8220;design elements&#8221; they wish to fix.)<\/em> <span style=\"font-family: 'Optima';\"><strong><br \/>Specific cast-ons or techniques<\/strong>: by request.<br \/>\n\t\t\t\t\t\t\t\t\t<\/span><\/p>\n<p><\/p>\n<\/td>\n<\/tr>\n<\/tbody>\n<\/table>\n<table>\n<tbody valign=\"top\">\n<tr>\n<td rowspan=\"2\" width=\"25%\"><a href=\"http:\/\/knitcompanion.com\"><br \/>\n\t\t\t\t\t\t\t<img decoding=\"async\" style=\"margin-right: 2em;\" alt=\"knitCompanionicon\" src=\"http:\/\/crafting-a-life.com\/shop\/wp-content\/uploads\/2011\/07\/knitCompanionicon_fb.png\" width=\"125\" align=\"left\" \/><br \/>\n\t\t\t\t\t\t<\/a>\n\t\t\t\t\t<\/td>\n<td>\n<h3>Knit Companion<\/h3>\n<\/td>\n<\/tr>\n<tr>\n<td>\n<ul>\n<li><span style=\"font-family: 'Optima';\"><strong>Knit Companion\u2014slow and easy<\/strong>: three 2\u2013hour classes spread over several weeks.<\/span>\n\t\t\t\t\t\t\t<\/li>\n<li><span style=\"font-family: 'Optima';\"><strong>Knit Companion\u2014over time<\/strong>: two 3\u2013hour classes with a two week break between.<\/span>\n\t\t\t\t\t\t\t<\/li>\n<li><span style=\"font-family: 'Optima';\"><strong>Knit Companion\u2014fast and strong<\/strong>: full day. Get your beauty sleep beforehand.<\/span>\n\t\t\t\t\t\t\t<\/li>\n<li><span style=\"font-family: 'Optima';\"><strong>Knit Companion\u2014tips and tricks<\/strong> and <strong>Knit Companion\u2014&#8221;walk in&#8221; help<\/strong> are also available.<br \/>\n\t\t\t\t\t\t\t\t<\/span>\n\t\t\t\t\t\t\t<\/li>\n<p>\t\t\t\t\t\t\t<span style=\"font-family: 'Optima';\"><strong>Pricing for Knit Companion classes<\/strong> is slightly different. Please use the contact form below <strong>before<\/strong> booking.<br \/>\n\t\t\t\t\t\t\t<\/span>\n\t\t\t\t\t<\/td>\n<\/tr>\n<\/tbody>\n<\/table>\n<p>\u00a0 <\/p>\n<div style=\"clear: both;\"><\/div>\n<p>\u00a0 <a href=\"#top\">^return to top<\/a><script type=\"text\/javascript\" src=\"https:\/\/book.click4time.com\/js\/cp_window.js\"><\/script><a title=\"Book Online\" onclick=\"open_new_window('https:\/\/book.click4time.com\/craftingalifeinc\/book\/step1')\" href=\"#\"><br \/>\n<img decoding=\"async\" alt=\"Book Online\" src=\"http:\/\/book.click4time.com\/images\/buttons\/wood_medium_shadow_clock.png\" border=\"0\" \/><br \/>\n<\/a><br \/>\n<a name=\"speaking\"><\/a><\/p>\n<h2>Speaking and Signing\u2014<\/h2>\n<table>\n<tbody valign=\"top\">\n<tr valign=\"top\">\n<td><img decoding=\"async\" style=\"margin-right: 2em;\" alt=\"\" src=\"http:\/\/crafting-a-life.com\/shop\/wp-content\/uploads\/2013\/08\/thickpaperbackfront-1-e1377112604641.png\" width=\"125\" align=\"left\" \/><\/td>\n<\/tr>\n<\/tbody>\n<\/table>\n<ul style=\"list-style-type: none;\">\n<li><span style=\"font-family: 'Optima';\"><span style=\"font-family: 'Optima';\"><strong>Speaking<\/strong>: <a href=\"http:\/\/crafting-a-life.com\/mamaoknits\/?p=2509\">Cognitive Anchoring\u2014the effect of knitting on memory and retention<\/a><\/span><\/span><\/li>\n<li><span style=\"font-family: 'Optima';\"><strong>Signing<\/strong>: use the booking tool below to book Ordover into your shop, guild, or venue for a book reading and book signing. Any or all books can be read from by request.<br \/>\n<\/span><\/li>\n<\/ul>\n<p><span style=\"font-family: 'Optima';\">Should you wish to have copies of <em><a href=\"http:\/\/wwmdfk.com\">What Would Madame Defarge Knit?<\/a><\/em>, <em><a href=\"http:\/\/wwmdfk.com\">What (else) Would Madame Defarge Knit?<\/a><\/em> on hand, they can be procured most easily and shipped directly from <a href=\"mailto:info@CooperativePress.com\">info@CooperativePress.com<\/a>. Use the contact form below to arrange for copies of <em><a href=\"http:\/\/groundedseries.com\">Grounded<\/a><\/em>. I am happy to sign any books in which I&#8217;ve played a role at the end of any class or engagement.<br \/>\n<\/span><\/p>\n<p><iframe loading=\"lazy\" style=\"border-width: 0;\" src=\"https:\/\/www.google.com\/calendar\/embed?showTitle=0&amp;showPrint=0&amp;height=400&amp;wkst=1&amp;bgcolor=%23FFFFFF&amp;src=3ss4lgtegi3rq98hs2tr8co59c%40group.calendar.google.com&amp;color=%23691426&amp;ctz=America%2FNew_York\" height=\"400\" width=\"450\" frameborder=\"0\" scrolling=\"no\"><\/iframe><\/p>\n<p><span style=\"font-family: 'Optima';\">To book Ordover for a class, a speaking engagement, or a book signing, please use one of the &#8220;book now&#8221; buttons or this contact form if you have questions.<br \/>\n<\/span> [contact-form][contact-field label=&#8217;Name&#8217; type=&#8217;name&#8217; required=&#8217;1&#8217;\/][contact-field label=&#8217;Email&#8217; type=&#8217;email&#8217; required=&#8217;1&#8217;\/][contact-field label=&#8217;Website&#8217; type=&#8217;url&#8217;\/][contact-field label=&#8217;Comment&#8217; type=&#8217;textarea&#8217; required=&#8217;1&#8217;\/][\/contact-form]<\/p>\n<p><script type=\"text\/javascript\" src=\"https:\/\/book.click4time.com\/js\/cp_window.js\"><\/script><a title=\"Book Online\" onclick=\"open_new_window('https:\/\/book.click4time.com\/craftingalifeinc\/book\/step1')\" href=\"#\"><br \/>\n<img decoding=\"async\" alt=\"Book Online\" src=\"http:\/\/book.click4time.com\/images\/buttons\/wood_medium_shadow_clock.png\" border=\"0\" \/><br \/>\n<\/a><br \/>\n<a name=\"bio\"><\/a><\/p>\n<p><span style=\"font-size: 16.0pt; mso-bidi-font-size: 12.0pt; font-family: 'American Typewriter';\"><strong>Who?<\/strong><\/span><\/p>\n<p><span style=\"font-size: 10.0pt; mso-bidi-font-size: 9.0pt; font-family: 'Optima';\">Heather Ordover won awards for teaching HS English in NYC and for Honors Writing at the University of Arizona. She&#8217;s written curriculum, articles, and is now editrix and designer for her own book series, <em>What Would Madame Defarge Knit? Creations Inspired by Classic Characters<\/em> and the proud parent of her new YA novel <em>Grounded<\/em>\u2014The Seven, book 1. Her designs have also appeared in the <em>Knitting ___ from Around the World<\/em> series.<br \/>\n<\/span><\/p>\n<p><span style=\"font-size: 10.0pt; mso-bidi-font-size: 9.0pt; font-family: 'Optima';\">She credited her success as a teacher at her LYS in Tucson, Arizona, to her <em>modus operandi<\/em> while teaching high school\u2014&#8221;always teach to the joke.&#8221;<br \/>\n<\/span><\/p>\n<p style=\"margin-left: 5em; margin-right: 5em;\"><img decoding=\"async\" alt=\"\" src=\"http:\/\/crafting-a-life.com\/images\/ShapiroBerezin-quotation-mark.jpg\" width=\"15\" \/>When teaching knitting I strive for a comfortable, friendly environment where everyone is at ease. The worst thing I can imagine in a knitting class is having an instructor say, &#8216;You&#8217;re doing that wrong! Do it <em>my<\/em> way!&#8217; \u2014 In knitting, as in life, there are many paths to the same goal.<img decoding=\"async\" alt=\"\" src=\"http:\/\/crafting-a-life.com\/images\/ShapiroBerezin-quotation-mark-rotated.jpg\" width=\"15\" \/><\/p>\n<p style=\"text-align: right;\"><a href=\"#top\">^return to top<\/a><\/p>\n","protected":false},"excerpt":{"rendered":"<p>I\u00a0teach knitting classes\u2014the most popular is a\u00a0specialized sock-heel class\u2014and I show up for\u00a0book readings and signings. You can book a class or event on my\u00a0Shoppe page. Pattern Workshops \u2022 Technique Classes \u2022 Knit Companion \u2022 Speaking and Signings \u2022 Bio Pattern Workshops\u2014 Sock Heels a-Go-Go First taught at Sock Summit &#8217;09. This course teaches at [&hellip;]<\/p>\n","protected":false},"author":1,"featured_media":3173,"parent":0,"menu_order":0,"comment_status":"open","ping_status":"open","template":"page-blog.php","meta":{"footnotes":""},"class_list":["post-3139","page","type-page","status-publish","has-post-thumbnail","hentry"],"_links":{"self":[{"href":"https:\/\/crafting-a-life.com\/mamaoknits\/wp-json\/wp\/v2\/pages\/3139","targetHints":{"allow":["GET"]}}],"collection":[{"href":"https:\/\/crafting-a-life.com\/mamaoknits\/wp-json\/wp\/v2\/pages"}],"about":[{"href":"https:\/\/crafting-a-life.com\/mamaoknits\/wp-json\/wp\/v2\/types\/page"}],"author":[{"embeddable":true,"href":"https:\/\/crafting-a-life.com\/mamaoknits\/wp-json\/wp\/v2\/users\/1"}],"replies":[{"embeddable":true,"href":"https:\/\/crafting-a-life.com\/mamaoknits\/wp-json\/wp\/v2\/comments?post=3139"}],"version-history":[{"count":6,"href":"https:\/\/crafting-a-life.com\/mamaoknits\/wp-json\/wp\/v2\/pages\/3139\/revisions"}],"predecessor-version":[{"id":3171,"href":"https:\/\/crafting-a-life.com\/mamaoknits\/wp-json\/wp\/v2\/pages\/3139\/revisions\/3171"}],"wp:featuredmedia":[{"embeddable":true,"href":"https:\/\/crafting-a-life.com\/mamaoknits\/wp-json\/wp\/v2\/media\/3173"}],"wp:attachment":[{"href":"https:\/\/crafting-a-life.com\/mamaoknits\/wp-json\/wp\/v2\/media?parent=3139"}],"curies":[{"name":"wp","href":"https:\/\/api.w.org\/{rel}","templated":true}]}}